{"id":6835,"date":"2021-06-07T12:04:59","date_gmt":"2021-06-07T10:04:59","guid":{"rendered":"https:\/\/dejelinbe.wikafi.be\/faq\/"},"modified":"2024-07-31T09:09:22","modified_gmt":"2024-07-31T07:09:22","slug":"faq","status":"publish","type":"page","link":"https:\/\/www.dejelin.be\/nl\/klanten-service\/faq\/","title":{"rendered":"FAQ"},"content":{"rendered":"<style>.ewd-ufaq-faq-title .ewd-ufaq-post-margin-symbol span { font-size: 18px !important; }div.ewd-ufaq-faq-category-title h2 { font-size: 18 !important; }div.ewd-ufaq-faq-categories, div.ewd-ufaq-faq-tags { font-size: 18 !important; }<\/style><div  class=\"ewd-ufaq-faq-list ewd-ufaq-page-type-infinite_scroll ewd-ufaq-category-tabs-\" id='ewd-ufaq-faq-list'>\n\n\t<input type='hidden' name='show_on_load' value='' id='ewd-ufaq-show-on-load' \/>\n<input type='hidden' name='include_category' value='' id='ewd-ufaq-include-category' \/>\n<input type='hidden' name='exclude_category' value='' id='ewd-ufaq-exclude-category' \/>\n<input type='hidden' name='orderby' value='modified' id='ewd-ufaq-orderby' \/>\n<input type='hidden' name='order' value='asc' id='ewd-ufaq-order' \/>\n<input type='hidden' name='post_count' value='-1' id='ewd-ufaq-post-count' \/>\n<input type='hidden' name='current_url' value='\/nl\/wp-json\/wp\/v2\/pages\/6835' id='ewd-ufaq-current-url' \/>\n\t\n\t\n\t<div class='ewd-ufaq-faqs'>\n\n\t\t<div  class=\"ewd-ufaq-faq-div ewd-ufaq-faq-column-count-one ewd-ufaq-faq-responsive-columns- ewd-ufaq-faq-display-style-minimalist ewd-ufaq-can-be-toggled\" id='ewd-ufaq-post-3542-xODDZZXpdU' data-post_id='3542'>\n\n\t\t\n\t<div class='ewd-ufaq-faq-title ewd-ufaq-faq-toggle'>\n\t\n\t<a class='ewd-ufaq-post-margin'  href='#' role=\"button\">\n\n\t\t<div class='ewd-ufaq-post-margin-symbol ewd-ufaq-'>\n\t\t\t<span >A<\/span>\n\t\t<\/div>\n\n\t\t<div class='ewd-ufaq-faq-title-text'>\n\n\t\t\t<h3>\n\t\t\t\tComment bien entretenir mon extracteur de jus ?\t\t\t<\/h3>\n\n\t\t<\/div>\n\n\t\t<div class='ewd-ufaq-clear'><\/div>\n\n\t<\/a>\n\t\n<\/div>\n\t\n\t<div class='ewd-ufaq-faq-body' >\n\n\t\t\n\t\t\t\n\t\t\n\t\t\t<div class='ewd-ufaq-post-margin ewd-ufaq-faq-post'>\n\t<p>Nous recommandons un nettoyage \u00e0 l\u2019eau chaude apr\u00e8s chaque utilisation pour \u00e9viter que le jus et les r\u00e9sidus des fruits ne s\u00e8chent et ne collent \u00e0 certaines parties de l\u2019appareil, ce qui pourrait l\u2019emp\u00eacher d\u2019extraire parfaitement le jus des aliments.<\/p>\n<\/div>\n\t\t\n\t\t\t\n\t\t\n\t\t\t\n\t\t\n\t\t\t\n\t\t\n\t\t\t\n\t\t\n\t\t\t\n\t\t\n\t\t\t\n\t\t\n\t\t\t\n\t\t\n\t\t\t\n\t\t\n\t<\/div>\n\n<\/div>\n\t<\/div>\n\n\t\n<\/div>","protected":false},"excerpt":{"rendered":"<p>A Comment bien entretenir mon extracteur de jus ? Nous recommandons un nettoyage \u00e0 l\u2019eau chaude apr\u00e8s chaque utilisation pour \u00e9viter que le jus et les r\u00e9sidus des fruits ne s\u00e8chent et ne collent \u00e0 certaines parties de l\u2019appareil, ce qui pourrait l\u2019emp\u00eacher d\u2019extraire parfaitement le jus des aliments.<\/p>\n","protected":false},"author":1,"featured_media":0,"parent":7150,"menu_order":0,"comment_status":"closed","ping_status":"closed","template":"","meta":{"_acf_changed":false,"rs_blank_template":"","rs_page_bg_color":"","slide_template_v7":"","footnotes":""},"class_list":["post-6835","page","type-page","status-publish","hentry"],"acf":[],"yoast_head":"<!-- This site is optimized with the Yoast SEO plugin v27.3 - https:\/\/yoast.com\/product\/yoast-seo-wordpress\/ -->\n<title>FAQ - Veel Gestelde Vragen - Dejelin Belgique<\/title>\n<meta name=\"robots\" content=\"index, follow, max-snippet:-1, max-image-preview:large, max-video-preview:-1\" \/>\n<link rel=\"canonical\" href=\"https:\/\/www.dejelin.be\/nl\/klanten-service\/faq\/\" \/>\n<meta property=\"og:locale\" content=\"nl_NL\" \/>\n<meta property=\"og:type\" content=\"article\" \/>\n<meta property=\"og:title\" content=\"FAQ - Veel Gestelde Vragen - Dejelin Belgique\" \/>\n<meta property=\"og:description\" content=\"A Comment bien entretenir mon extracteur de jus ? Nous recommandons un nettoyage \u00e0 l\u2019eau chaude apr\u00e8s chaque utilisation pour \u00e9viter que le jus et les r\u00e9sidus des fruits ne s\u00e8chent et ne collent \u00e0 certaines parties de l\u2019appareil, ce qui pourrait l\u2019emp\u00eacher d\u2019extraire parfaitement le jus des aliments.\" \/>\n<meta property=\"og:url\" content=\"https:\/\/www.dejelin.be\/nl\/klanten-service\/faq\/\" \/>\n<meta property=\"og:site_name\" content=\"Dejelin Belgique\" \/>\n<meta property=\"article:publisher\" content=\"https:\/\/www.facebook.com\/dejelin\" \/>\n<meta property=\"article:modified_time\" content=\"2024-07-31T07:09:22+00:00\" \/>\n<meta name=\"twitter:card\" content=\"summary_large_image\" \/>\n<meta name=\"twitter:label1\" content=\"Est. reading time\" \/>\n\t<meta name=\"twitter:data1\" content=\"1 minute\" \/>\n<script type=\"application\/ld+json\" class=\"yoast-schema-graph\">{\"@context\":\"https:\\\/\\\/schema.org\",\"@graph\":[{\"@type\":\"WebPage\",\"@id\":\"https:\\\/\\\/www.dejelin.be\\\/nl\\\/klanten-service\\\/faq\\\/\",\"url\":\"https:\\\/\\\/www.dejelin.be\\\/nl\\\/klanten-service\\\/faq\\\/\",\"name\":\"FAQ - Veel Gestelde Vragen - Dejelin Belgique\",\"isPartOf\":{\"@id\":\"https:\\\/\\\/www.dejelin.be\\\/#website\"},\"datePublished\":\"2021-06-07T10:04:59+00:00\",\"dateModified\":\"2024-07-31T07:09:22+00:00\",\"breadcrumb\":{\"@id\":\"https:\\\/\\\/www.dejelin.be\\\/nl\\\/klanten-service\\\/faq\\\/#breadcrumb\"},\"inLanguage\":\"nl-NL\",\"potentialAction\":[{\"@type\":\"ReadAction\",\"target\":[\"https:\\\/\\\/www.dejelin.be\\\/nl\\\/klanten-service\\\/faq\\\/\"]}]},{\"@type\":\"BreadcrumbList\",\"@id\":\"https:\\\/\\\/www.dejelin.be\\\/nl\\\/klanten-service\\\/faq\\\/#breadcrumb\",\"itemListElement\":[{\"@type\":\"ListItem\",\"position\":1,\"name\":\"Home\",\"item\":\"https:\\\/\\\/www.dejelin.be\\\/nl\\\/\"},{\"@type\":\"ListItem\",\"position\":2,\"name\":\"Klanten Service\",\"item\":\"https:\\\/\\\/www.dejelin.be\\\/nl\\\/klanten-service\\\/\"},{\"@type\":\"ListItem\",\"position\":3,\"name\":\"FAQ\"}]},{\"@type\":\"WebSite\",\"@id\":\"https:\\\/\\\/www.dejelin.be\\\/#website\",\"url\":\"https:\\\/\\\/www.dejelin.be\\\/\",\"name\":\"Dejelin Belgique\",\"description\":\"Your Health Partner\",\"publisher\":{\"@id\":\"https:\\\/\\\/www.dejelin.be\\\/#organization\"},\"potentialAction\":[{\"@type\":\"SearchAction\",\"target\":{\"@type\":\"EntryPoint\",\"urlTemplate\":\"https:\\\/\\\/www.dejelin.be\\\/?s={search_term_string}\"},\"query-input\":{\"@type\":\"PropertyValueSpecification\",\"valueRequired\":true,\"valueName\":\"search_term_string\"}}],\"inLanguage\":\"nl-NL\"},{\"@type\":\"Organization\",\"@id\":\"https:\\\/\\\/www.dejelin.be\\\/#organization\",\"name\":\"Dejelin Belgique\",\"url\":\"https:\\\/\\\/www.dejelin.be\\\/\",\"logo\":{\"@type\":\"ImageObject\",\"inLanguage\":\"nl-NL\",\"@id\":\"https:\\\/\\\/www.dejelin.be\\\/#\\\/schema\\\/logo\\\/image\\\/\",\"url\":\"https:\\\/\\\/www.dejelin.be\\\/wp-content\\\/uploads\\\/2021\\\/05\\\/dejelin-logo.png\",\"contentUrl\":\"https:\\\/\\\/www.dejelin.be\\\/wp-content\\\/uploads\\\/2021\\\/05\\\/dejelin-logo.png\",\"width\":230,\"height\":68,\"caption\":\"Dejelin Belgique\"},\"image\":{\"@id\":\"https:\\\/\\\/www.dejelin.be\\\/#\\\/schema\\\/logo\\\/image\\\/\"},\"sameAs\":[\"https:\\\/\\\/www.facebook.com\\\/dejelin\",\"https:\\\/\\\/www.instagram.com\\\/dejelin\\\/\",\"https:\\\/\\\/www.linkedin.com\\\/company\\\/dalcq\\\/?originalSubdomain=be\"]}]}<\/script>\n<!-- \/ Yoast SEO plugin. -->","yoast_head_json":{"title":"FAQ - Veel Gestelde Vragen - Dejelin Belgique","robots":{"index":"index","follow":"follow","max-snippet":"max-snippet:-1","max-image-preview":"max-image-preview:large","max-video-preview":"max-video-preview:-1"},"canonical":"https:\/\/www.dejelin.be\/nl\/klanten-service\/faq\/","og_locale":"nl_NL","og_type":"article","og_title":"FAQ - Veel Gestelde Vragen - Dejelin Belgique","og_description":"A Comment bien entretenir mon extracteur de jus ? Nous recommandons un nettoyage \u00e0 l\u2019eau chaude apr\u00e8s chaque utilisation pour \u00e9viter que le jus et les r\u00e9sidus des fruits ne s\u00e8chent et ne collent \u00e0 certaines parties de l\u2019appareil, ce qui pourrait l\u2019emp\u00eacher d\u2019extraire parfaitement le jus des aliments.","og_url":"https:\/\/www.dejelin.be\/nl\/klanten-service\/faq\/","og_site_name":"Dejelin Belgique","article_publisher":"https:\/\/www.facebook.com\/dejelin","article_modified_time":"2024-07-31T07:09:22+00:00","twitter_card":"summary_large_image","twitter_misc":{"Est. reading time":"1 minute"},"schema":{"@context":"https:\/\/schema.org","@graph":[{"@type":"WebPage","@id":"https:\/\/www.dejelin.be\/nl\/klanten-service\/faq\/","url":"https:\/\/www.dejelin.be\/nl\/klanten-service\/faq\/","name":"FAQ - Veel Gestelde Vragen - Dejelin Belgique","isPartOf":{"@id":"https:\/\/www.dejelin.be\/#website"},"datePublished":"2021-06-07T10:04:59+00:00","dateModified":"2024-07-31T07:09:22+00:00","breadcrumb":{"@id":"https:\/\/www.dejelin.be\/nl\/klanten-service\/faq\/#breadcrumb"},"inLanguage":"nl-NL","potentialAction":[{"@type":"ReadAction","target":["https:\/\/www.dejelin.be\/nl\/klanten-service\/faq\/"]}]},{"@type":"BreadcrumbList","@id":"https:\/\/www.dejelin.be\/nl\/klanten-service\/faq\/#breadcrumb","itemListElement":[{"@type":"ListItem","position":1,"name":"Home","item":"https:\/\/www.dejelin.be\/nl\/"},{"@type":"ListItem","position":2,"name":"Klanten Service","item":"https:\/\/www.dejelin.be\/nl\/klanten-service\/"},{"@type":"ListItem","position":3,"name":"FAQ"}]},{"@type":"WebSite","@id":"https:\/\/www.dejelin.be\/#website","url":"https:\/\/www.dejelin.be\/","name":"Dejelin Belgique","description":"Your Health Partner","publisher":{"@id":"https:\/\/www.dejelin.be\/#organization"},"potentialAction":[{"@type":"SearchAction","target":{"@type":"EntryPoint","urlTemplate":"https:\/\/www.dejelin.be\/?s={search_term_string}"},"query-input":{"@type":"PropertyValueSpecification","valueRequired":true,"valueName":"search_term_string"}}],"inLanguage":"nl-NL"},{"@type":"Organization","@id":"https:\/\/www.dejelin.be\/#organization","name":"Dejelin Belgique","url":"https:\/\/www.dejelin.be\/","logo":{"@type":"ImageObject","inLanguage":"nl-NL","@id":"https:\/\/www.dejelin.be\/#\/schema\/logo\/image\/","url":"https:\/\/www.dejelin.be\/wp-content\/uploads\/2021\/05\/dejelin-logo.png","contentUrl":"https:\/\/www.dejelin.be\/wp-content\/uploads\/2021\/05\/dejelin-logo.png","width":230,"height":68,"caption":"Dejelin Belgique"},"image":{"@id":"https:\/\/www.dejelin.be\/#\/schema\/logo\/image\/"},"sameAs":["https:\/\/www.facebook.com\/dejelin","https:\/\/www.instagram.com\/dejelin\/","https:\/\/www.linkedin.com\/company\/dalcq\/?originalSubdomain=be"]}]}},"_links":{"self":[{"href":"https:\/\/www.dejelin.be\/nl\/wp-json\/wp\/v2\/pages\/6835","targetHints":{"allow":["GET"]}}],"collection":[{"href":"https:\/\/www.dejelin.be\/nl\/wp-json\/wp\/v2\/pages"}],"about":[{"href":"https:\/\/www.dejelin.be\/nl\/wp-json\/wp\/v2\/types\/page"}],"author":[{"embeddable":true,"href":"https:\/\/www.dejelin.be\/nl\/wp-json\/wp\/v2\/users\/1"}],"replies":[{"embeddable":true,"href":"https:\/\/www.dejelin.be\/nl\/wp-json\/wp\/v2\/comments?post=6835"}],"version-history":[{"count":5,"href":"https:\/\/www.dejelin.be\/nl\/wp-json\/wp\/v2\/pages\/6835\/revisions"}],"predecessor-version":[{"id":12804,"href":"https:\/\/www.dejelin.be\/nl\/wp-json\/wp\/v2\/pages\/6835\/revisions\/12804"}],"up":[{"embeddable":true,"href":"https:\/\/www.dejelin.be\/nl\/wp-json\/wp\/v2\/pages\/7150"}],"wp:attachment":[{"href":"https:\/\/www.dejelin.be\/nl\/wp-json\/wp\/v2\/media?parent=6835"}],"curies":[{"name":"wp","href":"https:\/\/api.w.org\/{rel}","templated":true}]}}